{"id":13,"date":"2010-03-23T14:17:07","date_gmt":"2010-03-23T13:17:07","guid":{"rendered":"https:\/\/www.tolanga17.se\/?page_id=13"},"modified":"2021-07-12T14:22:02","modified_gmt":"2021-07-12T13:22:02","slug":"kontakta-oss","status":"publish","type":"page","link":"https:\/\/www.tolanga17.se\/index.php\/kontakta-oss\/","title":{"rendered":"Kontakt \/ Hitta hit"},"content":{"rendered":"<p>Vi finns mellan Sj\u00f6bo och Tol\u00e5nga (<strong>GPS:<\/strong> 55,6380 13,7556)<\/p>\n<p><strong>Adress:<\/strong><br \/>\nTol\u00e5nga 17<br \/>\nStora Tol\u00e5ngav\u00e4gen 99-20<br \/>\n275 92 Sj\u00f6bo<\/p>\n<p><strong>Karta:<\/strong><\/p>\n<p><a href=\"http:\/\/kartor.eniro.se\/m\/IQD0k\">http:\/\/kartor.eniro.se\/m\/IQD0k<\/a><\/p>\n<p><strong>Telefon:<\/strong> 0416-140 50<\/p>\n<p><strong>E-post:<\/strong> <a href=\"mailto:kontakt@tolanga17.se\">kontakt@tolanga17.se<\/a><\/p>\n<p><a rel=\"attachment wp-att-2552\" href=\"https:\/\/www.tolanga17.se\/index.php\/gardskrog\/personal-tolanga17_web\/\"><img loading=\"lazy\" decoding=\"async\" class=\"aligncenter size-full wp-image-2552\" title=\"Personal.Tol\u00e5nga17_web\" src=\"https:\/\/www.tolanga17.se\/wp-content\/uploads\/2010\/03\/PErsonal.Tolanga17_web.jpg\" alt=\"\" width=\"448\" height=\"299\" srcset=\"https:\/\/www.tolanga17.se\/wp-content\/uploads\/2010\/03\/PErsonal.Tolanga17_web.jpg 448w, https:\/\/www.tolanga17.se\/wp-content\/uploads\/2010\/03\/PErsonal.Tolanga17_web-300x200.jpg 300w, https:\/\/www.tolanga17.se\/wp-content\/uploads\/2010\/03\/PErsonal.Tolanga17_web-150x100.jpg 150w, https:\/\/www.tolanga17.se\/wp-content\/uploads\/2010\/03\/PErsonal.Tolanga17_web-400x266.jpg 400w\" sizes=\"(max-width: 448px) 100vw, 448px\" \/><\/a><\/p>\n<p style=\"text-align: center;\"><a rel=\"attachment wp-att-866\" href=\"https:\/\/www.tolanga17.se\/index.php\/kontakta-oss\/tolanga17-familjen-persson\/\"><\/a><\/p>\n<h1 style=\"text-align: center;\">V\u00c4LKOMNA!<\/h1>\n","protected":false},"excerpt":{"rendered":"<p>Vi finns mellan Sj\u00f6bo och Tol\u00e5nga (GPS: 55,6380 13,7556)<\/p>\n<p>Adress: Tol\u00e5nga 17 Stora Tol\u00e5ngav\u00e4gen 99-20 275 92 Sj\u00f6bo<\/p>\n<p>Karta:<\/p>\n<p>http:\/\/kartor.eniro.se\/m\/IQD0k<\/p>\n<p>Telefon: 0416-140 50<\/p>\n<p>E-post: kontakt@tolanga17.se<\/p>\n<\/p>\n<p style=\"text-align: center;\">\n<p> V\u00c4LKOMNA! <\/p>\n","protected":false},"author":1,"featured_media":0,"parent":0,"menu_order":0,"comment_status":"closed","ping_status":"closed","template":"","meta":{"footnotes":""},"_links":{"self":[{"href":"https:\/\/www.tolanga17.se\/index.php\/wp-json\/wp\/v2\/pages\/13"}],"collection":[{"href":"https:\/\/www.tolanga17.se\/index.php\/wp-json\/wp\/v2\/pages"}],"about":[{"href":"https:\/\/www.tolanga17.se\/index.php\/wp-json\/wp\/v2\/types\/page"}],"author":[{"embeddable":true,"href":"https:\/\/www.tolanga17.se\/index.php\/wp-json\/wp\/v2\/users\/1"}],"replies":[{"embeddable":true,"href":"https:\/\/www.tolanga17.se\/index.php\/wp-json\/wp\/v2\/comments?post=13"}],"version-history":[{"count":28,"href":"https:\/\/www.tolanga17.se\/index.php\/wp-json\/wp\/v2\/pages\/13\/revisions"}],"predecessor-version":[{"id":5978,"href":"https:\/\/www.tolanga17.se\/index.php\/wp-json\/wp\/v2\/pages\/13\/revisions\/5978"}],"wp:attachment":[{"href":"https:\/\/www.tolanga17.se\/index.php\/wp-json\/wp\/v2\/media?parent=13"}],"curies":[{"name":"wp","href":"https:\/\/api.w.org\/{rel}","templated":true}]}}